{"id":521,"date":"2023-02-03T08:29:42","date_gmt":"2023-02-03T08:29:42","guid":{"rendered":"https:\/\/klinghammer.com\/?page_id=521"},"modified":"2024-06-12T13:33:53","modified_gmt":"2024-06-12T13:33:53","slug":"imprint","status":"publish","type":"page","link":"https:\/\/klinghammer.com\/de\/imprint\/","title":{"rendered":"Imprint"},"content":{"rendered":"\r\n<div style=\"background-image: url('\/wp-content\/uploads\/2023\/01\/background1600x2400v4.svg'); background-repeat: repeat; margin-top: 50px;\">\r\n\r\n\r\n\r\n\r\n\t\r\n\t<div class=\"BannerOrange\">\r\n\t\t\r\n\t\t<div class=\"row\">\r\n\t\t\t<div class=\"col-lg-1\">\r\n\t\t\t<\/div>\r\n\t\t\t<div class=\"col-lg-6\">\r\n\t\t\t\t<img decoding=\"async\" alt=\"klinghammer gebaude\" class=\"ImgHeader\" src=\"\/wp-content\/uploads\/2023\/02\/KCT_Building_zugeschnitten_600dpi.jpg\">\r\n\t\t\t<\/div>\r\n\t\t\t<div class=\"col-lg-4\">\r\n\t\t\t\t<h1 class=\"KbolH1BannerWhite\">Impressum<\/h1>\r\n\t\t\t<\/div>\r\n\t\t\t<div class=\"col-lg-1\" style=\"position: relative;\">\r\n\r\n\t\t\t\t<div style=\"position: absolute; top: 7px; left: -40px;\"><svg width=\"160\" height=\"160\" viewbox=\"0 0 140 140\"><rect width=\"140\" height=\"140\" stroke=\"#fff\" stroke-opacity=\"1\" stroke-width=\"12\" fill=\"transparent\" \/><\/svg><\/div><div style=\"position: absolute; top: 7px;  left: -40px; margin: 0px 0px 0px 76px;\"><svg width=\"160\" height=\"160\" viewbox=\"0 0 140 140\"><circle cx=\"70\" cy=\"70\" r=\"67\" stroke=\"#fff\" stroke-opacity=\"1\" stroke-width=\"6\" fill=\"transparent\" \/><\/svg><\/div><div style=\"position: absolute; top: 160px; left: -40px;\"><svg width=\"160\" height=\"160\" viewbox=\"0 0 140 140\"><circle cx=\"70\" cy=\"70\" r=\"67\" stroke=\"#fff\" stroke-opacity=\"1\" stroke-width=\"6\" fill=\"transparent\" \/><\/svg><\/div><div style=\"position: absolute; top: 160px; left: -40px; margin: 0px 0px 0px 76px;\"><svg width=\"160\" height=\"160\" viewbox=\"0 0 140 140\"><rect width=\"140\" height=\"140\" stroke=\"#fff\" stroke-opacity=\"1\" stroke-width=\"12\" fill=\"transparent\" \/><\/svg><\/div><div style=\"position: absolute; top: 313px; left: -40px;\"><svg width=\"160\" height=\"160\" viewbox=\"0 0 140 140\"><rect width=\"140\" height=\"140\" stroke=\"#fff\" stroke-opacity=\"1\" stroke-width=\"12\" fill=\"transparent\" \/><\/svg><\/div><div style=\"position: absolute; top: 313px; left: -40px; margin: 0px 0px 0px 76px;\"><svg  width=\"160\" height=\"160\" viewbox=\"0 0 140 140\"><circle cx=\"70\" cy=\"70\" r=\"67\" stroke=\"#fff\" stroke-opacity=\"1\" stroke-width=\"6\" fill=\"transparent\" \/><\/svg><\/div>\r\n\r\n\t\t\t<\/div>\r\n\t\t<\/div>\r\n\t<\/div>\r\n\t\r\n\r\n\t\r\n\t<div style=\"background-image: url('\/wp-content\/uploads\/2023\/01\/background1600x2400v4.svg'); background-repeat: repeat;\">\r\n\r\n\t\t<div class=\"BannerGrey\" style=\"background-color: #555; height: 120px; width: 70%; margin-left: 30%;\">\r\n\t\t\t\r\n\t\t<\/div>\r\n\t\t\r\n\t\t<div class=\"Splitter80\"><\/div>\r\n\r\n\t\t<div class=\"MarginBody\">\r\n\t\t\r\n\t\t\t<p>\r\n\t\t\t\t<strong>Klinghammer Group GmbH<\/strong><br\/>\r\n\t\t\t\tAm Hafen 2<br\/>\r\n\t\t\t\t38112 Braunschweig<br\/>\r\n\t\t\t\tDeutschland\r\n\t\t\t<\/p>\r\n\t\t\t<p>\r\n\t\t\t\tGesch\u00e4ftsf\u00fchrer: Frauke Tyrrell<br\/>\r\n\t\t\t\tProkurist: Gregor Zmuda-Trzebiatowski<br\/>\r\n\t\t\t\tRegistergericht: Amtsgericht Braunschweig<br\/>\r\n\t\t\t\tRegisternummer: HRB 201200<br\/>\r\n\t\t\t\tUmsatzsteuer-Identifikationsnummer: DE 814 971 511<br\/>\r\n\t\t\t\tSteuernummer: 13\/205\/01858\r\n\t\t\t<\/p>\r\n\t\t\t<p>\r\n\t\t\t\t<strong>Haftungsausschluss:<\/strong><br\/>\r\n\t\t\t\tEine Haftung f\u00fcr die Richtigkeit der Ver\u00f6ffentlichung kann trotz sorgf\u00e4ltiger Pr\u00fcfung vom Herausgeber nicht \u00fcbernommen werden. Trotz sorgf\u00e4ltiger inhaltlicher Kontrolle \u00fcbernehmen wir keine Haftung f\u00fcr die Inhalte externer Links. F\u00fcr den Inhalt der verlinkten Seiten sind ausschlie\u00dflich deren Betreiber verantwortlich.\r\n\t\t\t<\/p>\r\n\t\t\t<p>\r\n\t\t\t\tF\u00fcr unverlangt eingesandte Manuskripte kann keine Haftung \u00fcbernommen werden. S\u00e4mtliche Ver\u00f6ffentlichungen in klinghammer.com erfolgen ohne Ber\u00fccksichtigung eines eventuellen Patentschutzes. Warennamen werden ohne Gew\u00e4hrleistung einer freien Verwendung benutzt.\r\n\t\t\t<\/p>\r\n\t\t\r\n\t\t<\/div>\r\n\t\t\r\n\t\t<div class=\"Splitter80\"><\/div>\r\n\r\n\t<\/div>\r\n<\/div>","protected":false},"excerpt":{"rendered":"Klinghammer Group GmbH Am Hafen 2 38112 Braunschweig Deutschland Gesch\u00e4ftsf\u00fchrer: Frauke Tyrrell Prokurist: Gregor Zmuda-Trzebiatowski Registergericht: Amtsgericht Braunschweig Registernummer: HRB 201200 Umsatzsteuer-Identifikationsnummer: DE 814 971 511 Steuernummer: 13\/205\/01858 Haftungsausschluss: Eine Haftung f\u00fcr die Richtigkeit der Ver\u00f6ffentlichung kann trotz sorgf\u00e4ltiger Pr\u00fcfung vom Herausgeber nicht \u00fcbernommen werden. Trotz sorgf\u00e4ltiger inhaltlicher Kontrolle \u00fcbernehmen wir keine Haftung f\u00fcr die&hellip;&nbsp;<a href=\"https:\/\/klinghammer.com\/de\/imprint\/\" rel=\"bookmark\">Weiterlesen &raquo;<span class=\"screen-reader-text\">Imprint<\/span><\/a>","protected":false},"author":1,"featured_media":0,"parent":0,"menu_order":0,"comment_status":"closed","ping_status":"closed","template":"","meta":{"neve_meta_sidebar":"full-width","neve_meta_container":"full-width","neve_meta_enable_content_width":"off","neve_meta_content_width":100,"neve_meta_title_alignment":"","neve_meta_author_avatar":"","neve_post_elements_order":"","neve_meta_disable_header":"","neve_meta_disable_footer":"","neve_meta_disable_title":"on","footnotes":""},"class_list":["post-521","page","type-page","status-publish","hentry"],"translation":{"provider":"WPGlobus","version":"3.0.2","language":"de","enabled_languages":["en","de"],"languages":{"en":{"title":true,"content":true,"excerpt":false},"de":{"title":false,"content":true,"excerpt":false}}},"_links":{"self":[{"href":"https:\/\/klinghammer.com\/de\/wp-json\/wp\/v2\/pages\/521","targetHints":{"allow":["GET"]}}],"collection":[{"href":"https:\/\/klinghammer.com\/de\/wp-json\/wp\/v2\/pages"}],"about":[{"href":"https:\/\/klinghammer.com\/de\/wp-json\/wp\/v2\/types\/page"}],"author":[{"embeddable":true,"href":"https:\/\/klinghammer.com\/de\/wp-json\/wp\/v2\/users\/1"}],"replies":[{"embeddable":true,"href":"https:\/\/klinghammer.com\/de\/wp-json\/wp\/v2\/comments?post=521"}],"version-history":[{"count":5,"href":"https:\/\/klinghammer.com\/de\/wp-json\/wp\/v2\/pages\/521\/revisions"}],"predecessor-version":[{"id":1965,"href":"https:\/\/klinghammer.com\/de\/wp-json\/wp\/v2\/pages\/521\/revisions\/1965"}],"wp:attachment":[{"href":"https:\/\/klinghammer.com\/de\/wp-json\/wp\/v2\/media?parent=521"}],"curies":[{"name":"wp","href":"https:\/\/api.w.org\/{rel}","templated":true}]}}