{"id":403,"date":"2023-02-01T10:46:42","date_gmt":"2023-02-01T10:46:42","guid":{"rendered":"https:\/\/klinghammer.com\/?page_id=403"},"modified":"2024-06-11T10:29:49","modified_gmt":"2024-06-11T10:29:49","slug":"history","status":"publish","type":"page","link":"https:\/\/klinghammer.com\/de\/history\/","title":{"rendered":"History"},"content":{"rendered":"\r\n<div style=\"background-image: url('\/wp-content\/uploads\/2023\/01\/background1600x2400v4.svg'); background-repeat: repeat; margin-top: 50px;\">\r\n\r\n\r\n\r\n\r\n\t\r\n\t<div class=\"BannerOrange\">\r\n\r\n\t\t<img decoding=\"async\" alt=\"klinghammer eimer kanister\" style=\"position: absolute; object-fit: cover; object-position: 50% 22%; width: 100%; height: 100%;\" src=\"\/wp-content\/uploads\/2023\/01\/eimer-kanister800x800.png\"\/>\r\n\t\t\r\n\t\t<div class=\"BannerFoil\">\r\n\t\t\r\n\t\t\t<div class=\"row\">\r\n\t\t\t\t<div class=\"col-lg-1\">\r\n\t\t\t\t<\/div>\r\n\t\t\t\t<div class=\"col-lg-6\">\r\n\t\t\t\t\t<img decoding=\"async\" alt=\"klinghammer eimer kanister\" class=\"ImgHeader\" style=\"object-position: 50% 24%;\" src=\"\/wp-content\/uploads\/2023\/01\/eimer-kanister800x800.png\">\r\n\t\t\t\t<\/div>\r\n\t\t\t\t<div class=\"col-lg-4\">\r\n\t\t\t\t\t<h1 class=\"KbolH1BannerWhite\">Klinghammer Group<\/h1>\r\n\t\t\t\t<p class=\"KbolSubtitleWhite\">Vergangenheit und Zukunft <\/p>\r\n\t\t\t\t<\/div>\r\n\t\t\t\t<div class=\"col-lg-1\" style=\"position: relative;\">\r\n\r\n\t\t\t\t\t<div style=\"position: absolute; top: 7px; left: -40px;\"><svg width=\"160\" height=\"160\" viewbox=\"0 0 140 140\"><rect width=\"140\" height=\"140\" stroke=\"#F05323\" stroke-opacity=\"1\" stroke-width=\"12\" fill=\"transparent\" \/><\/svg><\/div><div style=\"position: absolute; top: 7px;  left: -40px; margin: 0px 0px 0px 76px;\"><svg width=\"160\" height=\"160\" viewbox=\"0 0 140 140\"><circle cx=\"70\" cy=\"70\" r=\"67\" stroke=\"#F05323\" stroke-opacity=\"1\" stroke-width=\"6\" fill=\"transparent\" \/><\/svg><\/div><div style=\"position: absolute; top: 160px; left: -40px;\"><svg width=\"160\" height=\"160\" viewbox=\"0 0 140 140\"><circle cx=\"70\" cy=\"70\" r=\"67\" stroke=\"#F05323\" stroke-opacity=\"1\" stroke-width=\"6\" fill=\"transparent\" \/><\/svg><\/div><div style=\"position: absolute; top: 160px; left: -40px; margin: 0px 0px 0px 76px;\"><svg width=\"160\" height=\"160\" viewbox=\"0 0 140 140\"><rect width=\"140\" height=\"140\" stroke=\"#F05323\" stroke-opacity=\"1\" stroke-width=\"12\" fill=\"transparent\" \/><\/svg><\/div><div style=\"position: absolute; top: 313px; left: -40px;\"><svg width=\"160\" height=\"160\" viewbox=\"0 0 140 140\"><rect width=\"140\" height=\"140\" stroke=\"#F05323\" stroke-opacity=\"1\" stroke-width=\"12\" fill=\"transparent\" \/><\/svg><\/div><div style=\"position: absolute; top: 313px; left: -40px; margin: 0px 0px 0px 76px;\"><svg  width=\"160\" height=\"160\" viewbox=\"0 0 140 140\"><circle cx=\"70\" cy=\"70\" r=\"67\" stroke=\"#F05323\" stroke-opacity=\"1\" stroke-width=\"6\" fill=\"transparent\" \/><\/svg><\/div>\r\n\r\n\t\t\t\t<\/div>\r\n\t\t\t<\/div>\r\n\t\t\t\r\n\t\t<\/div>\r\n\t\t\r\n\t<\/div>\r\n\t\r\n\r\n\t\r\n\r\n\t\t<div class=\"BannerGrey\" style=\"background-color: #555; height: 120px; width: 70%; margin-left: 30%;\">\r\n\t\t\t\r\n\t\t\t<p class=\"KbolH3White\" style=\"line-height: 120px;; padding-left: 43%;\">Mehr als 100 Jahre kompromisslose Qualit\u00e4t<\/p>\r\n\t\t\t\r\n\t\t\t\r\n\t\t<\/div>\r\n\t\t\r\n\t\t<div class=\"Splitter80\"><\/div>\r\n\r\n\t\t<div class=\"MarginBody\">\r\n\t\t\r\n\t\t\t<h2 class=\"KbolH2\">Geschichte der Klinghammer Group<\/h2>\r\n<img decoding=\"async\" src=\"\/wp-content\/uploads\/2024\/06\/KBOL018_130-Anniversary_Timeline_240528_V2_EN-1.png\">\r\n\r\n\t\t\t<div class=\"row\">\r\n\t\t\t\t<div class=\"col-lg-9\">\r\n\t\t\t\t\t<p>\r\n\t\t\t\t\t\t<strong>1851<\/strong> wurde in Braunschweig die erste Spargelfabrik gegr\u00fcndet, die ihre Produkte in Dosen konservierte. In dem Ma\u00dfe, wie in den folgenden Jahren diese neue Industrie wuchs, entwickelten sich auch Firmen wie Klinghammer, die Lebensmittel konservierten, Dosen herstellten und die entsprechenden Maschinen f\u00fcr deren Herstellung lieferten.\r\n\t\t\t\t\t<\/p>\r\n\t\t\t\t\t<p>\r\n\t\t\t\t\t\t<strong>1894<\/strong> &#8211; Die Gr\u00fcndung<br\/>\r\n\t\t\t\t\t\tDie Firma Klinghammer wurde im Jahre 1894 von dem Ingenieur Julius Klinghammer in einer zun\u00e4chst gemieteten Werkstatt gegr\u00fcndet, um Maschinen f\u00fcr die damals aufkommende Konservenindustrie herzustellen. Dank der Zielstrebigkeit und unternehmerischen Initiative des Gr\u00fcnders konnte bereits Ende des 19. Jahrhunderts ein Grundst\u00fcck f\u00fcr ein Werkstatt- und B\u00fcrogeb\u00e4ude erworben werden.\r\n\t\t\t\t\t<\/p>\r\n\t\t\t\t\t<p>\r\n\t\t\t\t\t\t<strong>1900<\/strong> &#8211; Der internationale Durchbruch<br\/>\r\n\t\t\t\t\t\t<strong>1901<\/strong> entschloss sich Julius Klinghammer, den Kaufmann Heinrich Kricheldorff als Teilhaber mit ins Boot zu nehmen. \u00dcberregionale Anerkennung erlangte Klinghammer 1903 mit dem Bau von Verschlie\u00dfmaschinen mit Rollensystemen. 1904 verstarb Julius Klinghammer ganz unerwartet. Nach seinem Tod fiel Heinrich Kricheldorff als alleinigem Inhaber die schwierige Aufgabe zu, den Betrieb weiterzuf\u00fchren. Mit der Entwicklung von Verschlie\u00df-Halbautomatikmaschinen, B\u00f6rdelmaschinen und einem Gummierautomaten gelang erstmals der internationale Durchbruch.\r\n\t\t\t\t\t<\/p>\r\n\t\t\t\t<\/div>\r\n\t\t\t\t<div class=\"col-lg-3\">\r\n\t\t\t\t\t<img decoding=\"async\" alt=\"placeholder\" class=\"ImgHeader\" src=\"\/wp-content\/uploads\/2023\/03\/Werkshalle-1903.jpg\">\r\n\t\t\t\t<\/div>\r\n\t\t\t<\/div>\r\n\t\t\t\r\n\t\t\t<p>\r\n\t\t\t\t<strong>1920<\/strong> &#8211; Bahnbrechende Entwicklungserfolge<br\/>\r\n\t\t\t\t<strong>1919<\/strong> starb Heinrich Kricheldorff, fand aber in seinem Sohn Georg einen w\u00fcrdigen Nachfolger. Die Teilung des Fabrikationsprogrammes durch die Gr\u00fcndung einer Schwesterfirma Herbort, Kricheldorff und Br\u00fcser in Maschinen f\u00fcr die Konservenfabriken einerseits und in Blechwaren, die in Klinghammers Hand verblieb, andererseits, erm\u00f6glichte eine Spezialisierung der Produktionsprozesse. Bereits 1935 wurde das Schwesterunternehmen durch das Ausscheiden der Gesch\u00e4ftsf\u00fchrer wieder aufgel\u00f6st und der Fa. Klinghammer angegliedert. W\u00e4hrend dieser Zeit der Spezialisierung gab es bahnbrechende Entwicklungserfolge, wie z.B. in der Weiterentwicklung der Antriebstechnik von Werkzeugmaschinen, wodurch eine optimale Ausnutzung der Kapazit\u00e4ten erm\u00f6glicht wurde.\r\n\t\t\t<\/p>\r\n\t\t\t\r\n\t\t\t<div class=\"row\">\r\n\t\t\t\t<div class=\"col-lg-3\">\r\n\t\t\t\t\t<img decoding=\"async\" alt=\"placeholder\" class=\"ImgHeader\" src=\"\/wp-content\/uploads\/2023\/03\/Fertigmontage-von-Dosier-Fuellmaschinen.jpg\">\r\n\t\t\t\t<\/div>\r\n\t\t\t\t<div class=\"col-lg-9\">\r\n\t\t\t\t\t<p>\r\n\t\t\t\t\t\t<strong>1940<\/strong> &#8211; Turbulente Jahre<br\/>\r\n\t\t\t\t\t\tAm 01. April 1944 feierte das Unternehmen Julius Klinghammer 50. Geburtstag. Zwei Weltkriege und der technologische Wandel (Umstellung von Schwarz- auf Wei\u00dfblech) zwangen das Unternehmen, sich mehrmals radikal anzupassen. Neben dem Wiederaufbau galt es auch, die seit Jahren unterbrochenen internationalen Gesch\u00e4ftsverbindungen wieder aufzubauen. Georg Klinghammer meisterte diese Schwierigkeiten mit unternehmerischen Mut und dem Team seiner Besch\u00e4ftigten. In dieser Zeit verlie\u00dfen ganz neu konstruierte Maschinen die Hallen Klinghammers. Verschlie\u00dfmaschinen, Tafel- und Rollenscheren, Runde- und Auseckmaschinen wurden zur Serie gebracht. \r\n\t\t\t\t\t<\/p>\r\n\t\t\t\t\t<p>\r\n\t\t\t\t\t\t<strong>1960<\/strong> &#8211; Ausbau der Produktpalette<br\/>\r\n\t\t\t\t\t\t<strong>1954<\/strong> feierte Georg Kricheldorff sein 40j\u00e4hriges Firmenjubil\u00e4um, wurde aber kurze Zeit sp\u00e4ter durch einen tragischen Ungl\u00fccksfall aus dem Leben gerissen. 1955 wurde die Firma zu einer Kommanditgesellschaft umgewandelt, mit dem Kaufmann Anulf Kricheldorff und seiner Schwester Hildegard B\u00fcrig als Gesellschaftern.\r\n\t\t\t\t\t<\/p>\r\n\t\t\t\t\t<p>\r\n\t\t\t\t\t\tBereits Anfang der 50er Jahre zeichnete sich ab, dass der deutsche Markt seine S\u00e4ttigungsgrenze bald erreichte. 1959 erm\u00f6glichte die Stauchb\u00f6rdelmaschine Modell 481 abermals den gro\u00dfen Durchbruch. Die solide Bauweise der Klinghammer Maschinen verhalf dem Unternehmen zu internationaler Anerkennung. Zun\u00e4chst eroberte Klinghammer den franz\u00f6sischen Markt. Es folgten England, Spanien, Belgien, Skandinavien und Afrika.\r\n\t\t\t\t\t<\/p>\r\n\t\t\t\t<\/div>\r\n\t\t\t<\/div>\r\n\t\t\t\r\n\t\t\t<p>\r\n\t\t\t\tBei der Erschlie\u00dfung der neuen M\u00e4rkte erkannte man das erste Mal den Bedarf, gebrauchte Maschinen wieder instand zu setzen, da man auf Klinghammer-Maschinen traf, die auf anderen Wegen internationale Standorte gefunden haben. Es existierte Nachfrage! 1965 gelang die Erschlie\u00dfung des US-amerikanischen Marktes. In dieser Zeit verfestigte sich nochmals die Unternehmensstrategie: Mit sehr viel Know-How, Pr\u00e4zision und Zuverl\u00e4ssigkeit Klinghammer Maschinen zu bauen, deren St\u00e4rke die gro\u00dfe Flexibilit\u00e4t war und nicht gro\u00dfe Mengen eines Dosentyps auf Hochleistungsmaschinen zu produzieren.\r\n\t\t\t<\/p>\r\n\t\t\t\r\n\t\t\t<div class=\"row\">\r\n\t\t\t\t<div class=\"col-lg-9\">\r\n\t\t\t\t\t<p>\r\n\t\t\t\t\t\t<strong>Anfang 1966<\/strong> wurde der horizontale Verschlie\u00df- und Anrollautomat &#8222;Mod. HVA 340&#8220; entwickelt.\r\n\t\t\t\t\t<\/p>\r\n\t\t\t\t\t<p>\r\n\t\t\t\t\t\t<strong>Anfang 1967<\/strong> \u00fcbernahm die Firma ein komplettes Bauprogramm von Abf\u00fcllmaschinen und entwickelte eigene Klein-Abf\u00fcllmaschinen als zweites Standbein neben den Maschinen zur Dosenherstellung. Eine intensive Weiterentwicklung dieser Maschinen hat allerdings nicht stattgefunden.\r\n\t\t\t\t\t<\/p>\r\n\t\t\t\t\t<p>\r\n\t\t\t\t\t\t<strong>1980<\/strong> &#8211; Im Zeichen der Rationalisierung<br\/>\r\n\t\t\t\t\t\tSeit 1973 setzte die Phase der Rationalisierung in der westdeutschen Wirtschaft ein. Dieser Proze\u00df wurde durch Fusionierungen und \u00dcbernahmen begleitet. W\u00e4hrend in den 50er Jahren \u00fcber 400 dosenproduzierende Unternehmen in Deutschland existierten, schrumpfte diese Zahl bis Ende der 80er auf 25 Unternehmen. In dieser Zeit begann die Zeit des L\u00f6tbodymakers zu Ende zu gehen und wurde durch Hochleistungsschwei\u00dfautomaten abgel\u00f6st.\r\n\t\t\t\t\t<\/p>\r\n\t\t\t\t\t<p>\r\n\t\t\t\t\t\tDer Vorsto\u00df bis auf den japanischen Markt verlief \u00fcber Fachmessen zur Steigerung des Bekanntheitsgrades und Mund-zu-Mund Propaganda. Doch Mitte der 80er wuchs die s\u00fcdostasiatische Konkurrenz. Um weiterhin konkurrenzf\u00e4hig zu bleiben, erweiterte Klinghammer seine Angebotspalette um den Bereich Service und Dienstleistung.\r\n\t\t\t\t\t<\/p>\r\n\t\t\t\t\t<p>\r\n\t\t\t\t\t\t<strong>1989<\/strong> \u00fcbergab Anulf Kricheldorff die Firma an seinen Neffen. Unter seiner F\u00fchrung wurden Schwerpunkte auf das interne Konstruktionsb\u00fcro gesetzt und Klinghammers neue St\u00e4rke wurde, auf individuelle Kundenw\u00fcnsche einzugehen. Entwicklungsschwerpunkte wurden Betriebssicherheit, neue Produkte und Vollautomatisierung.\r\n\t\t\t\t\t<\/p>\r\n\t\t\t\t\t\r\n\t\t\t\t<\/div>\r\n\t\t\t\t<div class=\"col-lg-3\">\r\n\t\t\t\t\t<img decoding=\"async\" alt=\"placeholder\" class=\"ImgHeader\" src=\"\/wp-content\/uploads\/2023\/03\/Praezisionsarbeit-an-Stauchsteinen.jpg\">\r\n\t\t\t\t<\/div>\r\n\t\t\t<\/div>\r\n\t\t\t\r\n\t\t\t<p>\r\n\t\t\t\tIn den nun folgenden Jahren wurde die bisherige Strategie Klinghammers neu \u00fcberdacht, denn ein m\u00f6glichst breites Programm an Maschinen anzubieten, daf\u00fcr aber preislich im High-End-Bereich zu liegen, ging zu Lasten der Wettbewerbsf\u00e4higkeit. In der Vergangenheit ging das Konzept auf, mit den gut laufenden Maschinen Nachfrager\u00fcckg\u00e4nge bei anderen Maschinen zu kompensieren. Doch die zunehmende Konzentration des Wettbewerbs veranla\u00dfte Klinghammer abermals zu einem Richtungswechsel. 1997 erfolgte der Umbruch: Die Konzentration ausschlie\u00dflich auf Produkte und M\u00e4rkte mit hohem Know-How-Anteil im Back-End-Bereich. Die Firma &#8222;Julius Klinghammer Maschinenbau&#8220; ging in einem neuen Unternehmen auf -&#8222;Klinghammer Can Technology&#8220;, das ab sofort den erfolgreichen Maschinenbau mit modernster Informationstechnologie verbindet.\r\n\t\t\t<\/p>\r\n\t\t\t<p>\r\n\t\t\t\t<strong>2000<\/strong> &#8211; Teilstrecken aus einer Hand<br\/>\r\n\t\t\t\tIm April 2002 \u00fcbernahm Klinghammer die Teile von Bertil Ohlsson, Marktf\u00fchrer im Bereich Expandieren, um die eigenen Marktanteile auszubauen und dem Kunden ein komplettes hochqualitatives Produktspektrum im back-end zu liefern. \r\n\t\t\t<\/p>\r\n\t\t\t<p>\r\n\t\t\t\t<strong>2012<\/strong> \u00dcbernahme von Larson, Hersteller von Maschinen zum \u00d6sen schwei\u00dfen und Henkeln von Dosen und Eimern. \r\n\t\t\t<\/p>\t\r\n\t\t\t<p>\r\n\t\t\t\t<strong>2020<\/strong> Fusion der drei Einzelfirmen (Klinghammer, Bertil Ohlsson und Larson) zur Klinghammer Group GmbH \r\n\t\t\t<\/p>\r\n\r\n\t\t<\/div>\r\n\t\t\r\n\t\t<div class=\"Splitter80\"><\/div>\r\n\r\n<\/div>","protected":false},"excerpt":{"rendered":"Geschichte der Klinghammer Group 1851 wurde in Braunschweig die erste Spargelfabrik gegr\u00fcndet, die ihre Produkte in Dosen konservierte. In dem Ma\u00dfe, wie in den folgenden Jahren diese neue Industrie wuchs, entwickelten sich auch Firmen wie Klinghammer, die Lebensmittel konservierten, Dosen herstellten und die entsprechenden Maschinen f\u00fcr deren Herstellung lieferten. 1894 &#8211; Die Gr\u00fcndung Die Firma&hellip;&nbsp;<a href=\"https:\/\/klinghammer.com\/de\/history\/\" rel=\"bookmark\">Weiterlesen &raquo;<span class=\"screen-reader-text\">History<\/span><\/a>","protected":false},"author":1,"featured_media":0,"parent":0,"menu_order":0,"comment_status":"closed","ping_status":"closed","template":"","meta":{"neve_meta_sidebar":"","neve_meta_container":"","neve_meta_enable_content_width":"off","neve_meta_content_width":100,"neve_meta_title_alignment":"","neve_meta_author_avatar":"","neve_post_elements_order":"","neve_meta_disable_header":"","neve_meta_disable_footer":"","neve_meta_disable_title":"","footnotes":""},"class_list":["post-403","page","type-page","status-publish","hentry"],"translation":{"provider":"WPGlobus","version":"3.0.2","language":"de","enabled_languages":["en","de"],"languages":{"en":{"title":true,"content":true,"excerpt":false},"de":{"title":false,"content":true,"excerpt":false}}},"_links":{"self":[{"href":"https:\/\/klinghammer.com\/de\/wp-json\/wp\/v2\/pages\/403","targetHints":{"allow":["GET"]}}],"collection":[{"href":"https:\/\/klinghammer.com\/de\/wp-json\/wp\/v2\/pages"}],"about":[{"href":"https:\/\/klinghammer.com\/de\/wp-json\/wp\/v2\/types\/page"}],"author":[{"embeddable":true,"href":"https:\/\/klinghammer.com\/de\/wp-json\/wp\/v2\/users\/1"}],"replies":[{"embeddable":true,"href":"https:\/\/klinghammer.com\/de\/wp-json\/wp\/v2\/comments?post=403"}],"version-history":[{"count":3,"href":"https:\/\/klinghammer.com\/de\/wp-json\/wp\/v2\/pages\/403\/revisions"}],"predecessor-version":[{"id":1911,"href":"https:\/\/klinghammer.com\/de\/wp-json\/wp\/v2\/pages\/403\/revisions\/1911"}],"wp:attachment":[{"href":"https:\/\/klinghammer.com\/de\/wp-json\/wp\/v2\/media?parent=403"}],"curies":[{"name":"wp","href":"https:\/\/api.w.org\/{rel}","templated":true}]}}