{"id":372,"date":"2023-02-01T10:29:22","date_gmt":"2023-02-01T10:29:22","guid":{"rendered":"https:\/\/klinghammer.com\/?page_id=372"},"modified":"2023-04-11T11:56:16","modified_gmt":"2023-04-11T11:56:16","slug":"about-us","status":"publish","type":"page","link":"https:\/\/klinghammer.com\/de\/about-us\/","title":{"rendered":"About us"},"content":{"rendered":"\r\n<div style=\"background-image: url('\/wp-content\/uploads\/2023\/01\/background1600x2400v4.svg'); background-repeat: repeat; margin-top: 50px;\">\r\n\r\n\r\n\r\n\r\n\t\r\n\t<div class=\"BannerOrange\">\r\n\r\n\t\t<img decoding=\"async\" alt=\"klinghammer about us banner\" style=\"position: absolute; object-fit: cover; object-position: 50% 22%; width: 100%; height: 100%;\" src=\"\/wp-content\/uploads\/2023\/02\/CIMG0933-scaled.jpg\"\/>\r\n\t\t\r\n\t\t<div class=\"BannerFoil\">\r\n\t\t\r\n\t\t\t<div class=\"row\">\r\n\t\t\t\t<div class=\"col-lg-1\">\r\n\t\t\t\t<\/div>\r\n\t\t\t\t<div class=\"col-lg-6\">\r\n\t\t\t\t\t<img decoding=\"async\" alt=\"klinghammer about us banner\" class=\"ImgHeader\" style=\"object-position: 50% 24%;\" src=\"\/wp-content\/uploads\/2023\/02\/CIMG0933-scaled.jpg\">\r\n\t\t\t\t<\/div>\r\n\t\t\t\t<div class=\"col-lg-4\">\r\n\t\t\t\t\t<h1 class=\"KbolH1BannerWhite\">\u00dcber uns<\/h1>\r\n\t\t\t\t\t<p class=\"KbolSubtitleWhite\">\u00fcber 100 Jahre Qualit\u00e4t<\/p>\r\n\t\t\t\t<\/div>\r\n\t\t\t\t<div class=\"col-lg-1\" style=\"position: relative;\">\r\n\r\n\t\t\t\t\t<div style=\"position: absolute; top: 7px; left: -40px;\"><svg width=\"160\" height=\"160\" viewbox=\"0 0 140 140\"><rect width=\"140\" height=\"140\" stroke=\"#F05323\" stroke-opacity=\"1\" stroke-width=\"12\" fill=\"transparent\" \/><\/svg><\/div><div style=\"position: absolute; top: 7px;  left: -40px; margin: 0px 0px 0px 76px;\"><svg width=\"160\" height=\"160\" viewbox=\"0 0 140 140\"><circle cx=\"70\" cy=\"70\" r=\"67\" stroke=\"#F05323\" stroke-opacity=\"1\" stroke-width=\"6\" fill=\"transparent\" \/><\/svg><\/div><div style=\"position: absolute; top: 160px; left: -40px;\"><svg width=\"160\" height=\"160\" viewbox=\"0 0 140 140\"><circle cx=\"70\" cy=\"70\" r=\"67\" stroke=\"#F05323\" stroke-opacity=\"1\" stroke-width=\"6\" fill=\"transparent\" \/><\/svg><\/div><div style=\"position: absolute; top: 160px; left: -40px; margin: 0px 0px 0px 76px;\"><svg width=\"160\" height=\"160\" viewbox=\"0 0 140 140\"><rect width=\"140\" height=\"140\" stroke=\"#F05323\" stroke-opacity=\"1\" stroke-width=\"12\" fill=\"transparent\" \/><\/svg><\/div><div style=\"position: absolute; top: 313px; left: -40px;\"><svg width=\"160\" height=\"160\" viewbox=\"0 0 140 140\"><rect width=\"140\" height=\"140\" stroke=\"#F05323\" stroke-opacity=\"1\" stroke-width=\"12\" fill=\"transparent\" \/><\/svg><\/div><div style=\"position: absolute; top: 313px; left: -40px; margin: 0px 0px 0px 76px;\"><svg  width=\"160\" height=\"160\" viewbox=\"0 0 140 140\"><circle cx=\"70\" cy=\"70\" r=\"67\" stroke=\"#F05323\" stroke-opacity=\"1\" stroke-width=\"6\" fill=\"transparent\" \/><\/svg><\/div>\r\n\r\n\t\t\t\t<\/div>\r\n\t\t\t<\/div>\r\n\t\t\t\r\n\t\t<\/div>\r\n\t\t\r\n\t<\/div>\r\n\t\r\n\r\n\t\r\n\r\n\t\t<div class=\"BannerGrey\" style=\"background-color: #555; height: 120px; width: 70%; margin-left: 30%;\">\r\n\t\t\t\r\n\t\t\t<p class=\"KbolH3White\" style=\"line-height: 120px;; padding-left: 43%;\">Klinghammer \u2022 Bertil Ohlsson \u2022 Larsen<\/p>\r\n\t\t\t\r\n\t\t\t\r\n\t\t<\/div>\r\n\t\t\r\n\t\t<div class=\"Splitter80\"><\/div>\r\n\r\n\t\t<div class=\"MarginBody\">\r\n\t\t\r\n\t\t\t<div style=\"padding: 0% 4%;\">\r\n\t\t\r\n\t\t\t\t<h2 class=\"KbolH2\">Philosophie<\/h2>\r\n\t\t\t\t<p>\r\n\t\t\t\t\tMit sehr viel Know-how, Pr\u00e4zision und Zuverl\u00e4ssigkeit baut Klinghammer Group Maschinen, deren erkl\u00e4rte und anerkannte St\u00e4rke die gro\u00dfe Flexibilit\u00e4t hinsichtlich der Dosentypen und Gr\u00f6\u00dfen ist.\r\n\t\t\t\t<\/p>\r\n\t\t\t\t<p>\r\n\t\t\t\t\tDen Mensch und die Technologie harmonisch zu verbinden, ist die Basis des Qualit\u00e4tskonzeptes Klinghammers. Eine offene Kommunikation zwischen Mitarbeitern, Partnern und Kunden pr\u00e4gt die positive Atmosph\u00e4re. Unsere Mitarbeiter gestalten die Unternehmenskultur aktiv mit, wodurch bed\u00fcrfnisgerechte Gesamtl\u00f6sungen schnell, flexibel und professionell realisiert werden. Durch die Konzentration auf unsere Kernkompetenzen erreichen wir eine kontinuierliche Verbesserung unseres Leistungsspektrums.\r\n\t\t\t\t<\/p>\r\n\t\t\t\t<p>\r\n\t\t\t\t\tDie Klinghammer Group Maschinen zeichnen sich durch einfache Bedienung, kurze Umr\u00fcstzeiten, fein aufeinander abgestimmte Fertigungsmodule und h\u00f6chste Qualit\u00e4t aus. Wir bieten vielseitige L\u00f6sungen mit der Zuverl\u00e4ssigkeit eines Standardsystems.\r\n\t\t\t\t<\/p>\r\n\t\t\t\t\r\n\t\t\t<\/div>\r\n\t\t\t\r\n\t\t\t<div class=\"Splitter80\"><\/div>\r\n\t\t\t\t\t\r\n\t\t<\/div>\r\n\t\r\n<\/div>","protected":false},"excerpt":{"rendered":"Philosophie Mit sehr viel Know-how, Pr\u00e4zision und Zuverl\u00e4ssigkeit baut Klinghammer Group Maschinen, deren erkl\u00e4rte und anerkannte St\u00e4rke die gro\u00dfe Flexibilit\u00e4t hinsichtlich der Dosentypen und Gr\u00f6\u00dfen ist. Den Mensch und die Technologie harmonisch zu verbinden, ist die Basis des Qualit\u00e4tskonzeptes Klinghammers. Eine offene Kommunikation zwischen Mitarbeitern, Partnern und Kunden pr\u00e4gt die positive Atmosph\u00e4re. Unsere Mitarbeiter gestalten&hellip;&nbsp;<a href=\"https:\/\/klinghammer.com\/de\/about-us\/\" rel=\"bookmark\">Weiterlesen &raquo;<span class=\"screen-reader-text\">About us<\/span><\/a>","protected":false},"author":1,"featured_media":0,"parent":0,"menu_order":0,"comment_status":"closed","ping_status":"closed","template":"","meta":{"neve_meta_sidebar":"full-width","neve_meta_container":"full-width","neve_meta_enable_content_width":"off","neve_meta_content_width":100,"neve_meta_title_alignment":"","neve_meta_author_avatar":"","neve_post_elements_order":"","neve_meta_disable_header":"","neve_meta_disable_footer":"","neve_meta_disable_title":"on","footnotes":""},"class_list":["post-372","page","type-page","status-publish","hentry"],"translation":{"provider":"WPGlobus","version":"3.0.2","language":"de","enabled_languages":["en","de"],"languages":{"en":{"title":true,"content":true,"excerpt":false},"de":{"title":false,"content":true,"excerpt":false}}},"_links":{"self":[{"href":"https:\/\/klinghammer.com\/de\/wp-json\/wp\/v2\/pages\/372","targetHints":{"allow":["GET"]}}],"collection":[{"href":"https:\/\/klinghammer.com\/de\/wp-json\/wp\/v2\/pages"}],"about":[{"href":"https:\/\/klinghammer.com\/de\/wp-json\/wp\/v2\/types\/page"}],"author":[{"embeddable":true,"href":"https:\/\/klinghammer.com\/de\/wp-json\/wp\/v2\/users\/1"}],"replies":[{"embeddable":true,"href":"https:\/\/klinghammer.com\/de\/wp-json\/wp\/v2\/comments?post=372"}],"version-history":[{"count":1,"href":"https:\/\/klinghammer.com\/de\/wp-json\/wp\/v2\/pages\/372\/revisions"}],"predecessor-version":[{"id":1649,"href":"https:\/\/klinghammer.com\/de\/wp-json\/wp\/v2\/pages\/372\/revisions\/1649"}],"wp:attachment":[{"href":"https:\/\/klinghammer.com\/de\/wp-json\/wp\/v2\/media?parent=372"}],"curies":[{"name":"wp","href":"https:\/\/api.w.org\/{rel}","templated":true}]}}