{"id":320,"date":"2023-01-31T12:50:27","date_gmt":"2023-01-31T12:50:27","guid":{"rendered":"https:\/\/klinghammer.com\/?page_id=320"},"modified":"2023-03-24T10:20:02","modified_gmt":"2023-03-24T10:20:02","slug":"service","status":"publish","type":"page","link":"https:\/\/klinghammer.com\/de\/service\/","title":{"rendered":"Service"},"content":{"rendered":"\r\n<div style=\"background-image: url('\/wp-content\/uploads\/2023\/01\/background1600x2400v4.svg'); background-repeat: repeat; margin-top: 50px;\">\r\n\r\n\r\n\r\n\r\n\t\r\n\t<div class=\"BannerOrange\">\r\n\r\n\t\t<img decoding=\"async\" alt=\"klinghammer service banner\" style=\"position: absolute; object-fit: cover; object-position: 50% 0%; width: 100%; height: 100%;\" src=\"\/wp-content\/uploads\/2023\/02\/217_1742_RT8.jpg\"\/>\r\n\t\t\r\n\t\t<div class=\"BannerFoil\">\r\n\t\t\r\n\t\t\t<div class=\"row\">\r\n\t\t\t\t<div class=\"col-lg-1\">\r\n\t\t\t\t<\/div>\r\n\t\t\t\t<div class=\"col-lg-6\">\r\n\t\t\t\t\t<img decoding=\"async\" alt=\"klinghammer service banner\" class=\"ImgHeader\" src=\"\/wp-content\/uploads\/2023\/02\/217_1742_RT8.jpg\">\r\n\t\t\t\t<\/div>\r\n\t\t\t\t<div class=\"col-lg-4\">\r\n\t\t\t\t\t<h1 class=\"KbolH1BannerWhite\">Service<\/h1>\r\n\t\t\t\t\t<p class=\"KbolSubtitleWhite\">Alles aus einer Hand<\/p>\r\n\t\t\t\t<\/div>\r\n\t\t\t\t<div class=\"col-lg-1\" style=\"position: relative;\">\r\n\r\n\t\t\t\t\t<div style=\"position: absolute; top: 7px; left: -40px;\"><svg width=\"160\" height=\"160\" viewbox=\"0 0 140 140\"><rect width=\"140\" height=\"140\" stroke=\"#F05323\" stroke-opacity=\"1\" stroke-width=\"12\" fill=\"transparent\" \/><\/svg><\/div><div style=\"position: absolute; top: 7px;  left: -40px; margin: 0px 0px 0px 76px;\"><svg width=\"160\" height=\"160\" viewbox=\"0 0 140 140\"><circle cx=\"70\" cy=\"70\" r=\"67\" stroke=\"#F05323\" stroke-opacity=\"1\" stroke-width=\"6\" fill=\"transparent\" \/><\/svg><\/div><div style=\"position: absolute; top: 160px; left: -40px;\"><svg width=\"160\" height=\"160\" viewbox=\"0 0 140 140\"><circle cx=\"70\" cy=\"70\" r=\"67\" stroke=\"#F05323\" stroke-opacity=\"1\" stroke-width=\"6\" fill=\"transparent\" \/><\/svg><\/div><div style=\"position: absolute; top: 160px; left: -40px; margin: 0px 0px 0px 76px;\"><svg width=\"160\" height=\"160\" viewbox=\"0 0 140 140\"><rect width=\"140\" height=\"140\" stroke=\"#F05323\" stroke-opacity=\"1\" stroke-width=\"12\" fill=\"transparent\" \/><\/svg><\/div><div style=\"position: absolute; top: 313px; left: -40px;\"><svg width=\"160\" height=\"160\" viewbox=\"0 0 140 140\"><rect width=\"140\" height=\"140\" stroke=\"#F05323\" stroke-opacity=\"1\" stroke-width=\"12\" fill=\"transparent\" \/><\/svg><\/div><div style=\"position: absolute; top: 313px; left: -40px; margin: 0px 0px 0px 76px;\"><svg  width=\"160\" height=\"160\" viewbox=\"0 0 140 140\"><circle cx=\"70\" cy=\"70\" r=\"67\" stroke=\"#F05323\" stroke-opacity=\"1\" stroke-width=\"6\" fill=\"transparent\" \/><\/svg><\/div>\r\n\r\n\t\t\t\t<\/div>\r\n\t\t\t<\/div>\r\n\t\t\t\r\n\t\t<\/div>\r\n\t\t\r\n\t<\/div>\r\n\t\r\n\r\n\t\r\n\r\n\t\t<div class=\"BannerGrey\" style=\"background-color: #555; height: 120px; width: 70%; margin-left: 30%;\">\r\n\t\t\t\r\n\t\t\t<p class=\"KbolH3White\" style=\"line-height: 120px;; padding-left: 43%;\">\r\n\t\t\t\t<a class=\"KbolH3White\" href=\"\/de\/service\/#Service-Techniker\">Techniker<\/a> &bull; <a class=\"KbolH3White\" href=\"\/de\/service\/#Ersatzteile\">Ersatzteile<\/a> &bull; <a class=\"KbolH3White\" href=\"\/de\/service\/#uberholte-maschinen\">\u00dcberholte Maschinen<\/a>\r\n\t\t\t<\/p>\r\n\t\t\t\r\n\t\t\t\r\n\t\t<\/div>\r\n\r\n\t\t<div class=\"MarginBody\">\r\n\r\n\t\t\t<div class=\"Splitter80\"><\/div>\r\n\t\t\t\r\n\t\t\t<h2 class=\"KbolH1 TaCenter\">Service der Klinghammer-Group<\/h2>\r\n\t\t\t<p class=\"TaCenter\">\r\n\t\t\t\tEine Maschine ist nur gut, solange sie l\u00e4uft. Um Maschinenausfallzeiten zu minimieren bieten wie Ihnen den kompletten Service. Von der Aufstellung und Inbetriebnahme der Maschine, die Schulung Ihrer Mitarbeiter, bis hin zur Wartung und Reparatur \u00fcber die gesamte Lebenszeit bis hin zur Demontage.\r\n\t\t\t<\/p>\r\n\t\t\t\r\n\t\t\t<div id=\"Service-Techniker\" class=\"Splitter40\"><\/div> \r\n\t\t\t\r\n\t\t\t\r\n\t\t\t<div class=\"row\">\r\n\t\t\t\r\n\t\t\t\t<div class=\"col-lg-7\" style=\"padding-left: 10%; padding-right: 5%; min-height: 450px;\">\r\n\t\t\t\t\t<h3 class=\"KbolH3 module-zoom-X animation-duration-05 transform-origin-0-100\" style=\"margin-top: 40px; color: #F05323;\">Service-Techniker<\/h3>\r\n\t\t\t\t\t<p class=\"module-zoom-Y animation-delay-05 animation-duration-10 transform-origin-100-0\">\r\n\t\t\t\t\t\tUnsere qualifizierten und geschulten Servicetechniker \u00fcbernehmen weltweit jede Aufgabe rum um die Maschinen der Klinghammer Group GmbH.\r\n\t\t\t\t\t\t<ul class=\"module-zoom-Y animation-delay-05 animation-duration-10 transform-origin-100-0\">\r\n\t\t\t\t\t\t\t<li>Inbetriebnahme von Neumaschinen<\/li>\r\n\t\t\t\t\t\t\t<li>Schulung des Bedienpersonals<\/li>\r\n\t\t\t\t\t\t\t<li>Unterst\u00fctzung bei der Einbindung der Maschine in die Gesamtlinie<\/li>\r\n\t\t\t\t\t\t\t<li>Wartung und Reparatur von Gebrauchtmaschinen<\/li>\r\n\t\t\t\t\t\t\t<li>Unterst\u00fctzung bei der Montage vor Ersatz und Verschlei\u00dfteilen<\/li>\r\n\t\t\t\t\t\t<\/ul>\r\n\t\t\t\t\t<\/p>\t\r\n\t\t\t\t\t<p class=\"module-zoom-Y animation-delay-05 animation-duration-10 transform-origin-100-0\">\r\n\t\t\t\t\t\tGerne erstellen wir Ihnen ein passendes Angebot.\r\n\t\t\t\t\t<\/p>\r\n\t\t\t\t\t<div id=\"Ersatzteile\" class=\"Splitter40\"><\/div>  \r\n\t\t\t\t<\/div>\r\n\r\n\t\t\t\t<div class=\"col-lg-5\" style=\"height: 450px;\">\r\n\t\t\t\t\t<img decoding=\"async\" alt=\"service mechaniker\" style=\"height: 100%; width: 100%; object-fit: cover;\" src=\"\/wp-content\/uploads\/2023\/02\/214_1474_RT16.jpg\"\/>\r\n\t\t\t\t<\/div>\r\n\r\n\t\t\t\t<div class=\"col-lg-5\" style=\"height: 450px;\">\r\n\t\t\t\t\t<img decoding=\"async\" alt=\"ersatz teile1\" style=\"height: 33.333%; width: 100%; object-fit: cover;\" src=\"\/wp-content\/uploads\/2023\/01\/DSC_2125b_447_komplett800x800.jpg\"\/>\r\n\t\t\t\t\t<img decoding=\"async\" alt=\"ersatz teile2\" style=\"height: 33.333%; width: 100%; object-fit: cover;\" src=\"\/wp-content\/uploads\/2023\/01\/DSC_2157_430_komplett800x800.jpg\"\/>\r\n\t\t\t\t\t<img decoding=\"async\" alt=\"ersatz teile3\" style=\"height: 33.333%; width: 100%; object-fit: cover;\" src=\"\/wp-content\/uploads\/2023\/02\/DSC_2237a_Kugeloese20S.jpg\"\/>\r\n\t\t\t\t<\/div>\r\n\t\t\t\t\t\r\n\t\t\t\t<div class=\"col-lg-7\"  style=\"padding-right: 10%; padding-left: 5%; min-height: 450px;\">\r\n\t\t\t\t\t<h3 class=\"KbolH3 module-zoom-X animation-duration-05 transform-origin-100-0\" style=\"margin-top: 40px; color: #F05323;\">Ersatzteile \/Werkzeuge<\/h3>\r\n\t\t\t\t\t<p class=\"module-zoom-Y animation-delay-05 animation-duration-10 transform-origin-100-0\">\r\n\t\t\t\t\t\tOb aktuelle Maschinenmodelle oder Maschinen aus den 1960er Jahren, wir fertigen und liefern Ihnen jedes Ersatz- bzw. Verschlie\u00dfteil f\u00fcr alle jemals produzierten Klinghammer Group Maschinen. Eine gro\u00dfe Anzahl an Ersatzteilen sind bei uns lagerhaltig verf\u00fcgbar.\r\n\t\t\t\t\t\t<ul class=\"module-zoom-Y animation-delay-05 animation-duration-10 transform-origin-100-0\">Bei Ersatzteilanfragen nennen Sie uns m\u00f6glichst folgende Informationen Ihrer Maschine:\r\n\t\t\t\t\t\t\t<li>Maschinentyp<\/li>\r\n\t\t\t\t\t\t\t<li>Maschinennummer<\/li>\r\n\t\t\t\t\t\t\t<li>Baujahr<\/li>\r\n\t\t\t\t\t\t\t<li>Zeichnungsnummer des ben\u00f6tigten Ersatzteil<\/li>\r\n\t\t\t\t\t\t<\/ul>\r\n\t\t\t\t\t<\/p>\t\r\n\t\t\t\t\t<p class=\"module-zoom-Y animation-delay-05 animation-duration-10 transform-origin-100-0\">\r\n\t\t\t\t\t\tBen\u00f6tigen Sie andere Werkzeuge und die dazugeh\u00f6rigen internen Transortelemente um andere Produkte auf Ihren  Klinghammer Group Maschinen zu produzieren? Wir beraten Sie gerne und erstellen Ihnen ein passendes Angebot.\r\n\t\t\t\t\t<\/p>\r\n\t\t\t\t<\/div>\r\n\t\t\t\r\n\t\t\t<\/div> \r\n\t\t\t\r\n\t\t\t\r\n\t\t\t\r\n\t\t\t\r\n\t\t\t<div id=\"uberholte-maschinen\" class=\"Splitter80\"><\/div>\r\n\t\t\t\r\n\t\t\t<h2 class=\"KbolH2\">\u00dcberholte Klinghammer-Maschinen zum B\u00f6rdeln, S\u00e4umen und Sicken<\/h2>\r\n\t\t\t\r\n\t\t\t<div class=\"row\">\r\n\t\t\t\r\n\t\t\t\t<div class=\"col-lg-3\">\r\n\t\t\t\t\t\r\n\t\t\t\t\t<img decoding=\"async\" alt=\"\u00dcberholte Klinghammer-Maschinen1\" style=\"height: 25%; width: 100%; object-fit: cover;\" src=\"\/wp-content\/uploads\/2023\/02\/afm1.jpg\"\/>\r\n\t\t\t\t\t<img decoding=\"async\" alt=\"\u00dcberholte Klinghammer-Maschinen2\" style=\"height: 25%; width: 100%; object-fit: cover;\" src=\"\/wp-content\/uploads\/2023\/02\/afm2.jpg\"\/>\r\n\t\t\t\t\t<img decoding=\"async\" alt=\"\u00dcberholte Klinghammer-Maschinen3\" style=\"height: 25%; width: 100%; object-fit: cover;\" src=\"\/wp-content\/uploads\/2023\/02\/430sonderaktion1.jpg\"\/>\r\n\t\t\t\t\t<img decoding=\"async\" alt=\"\u00dcberholte Klinghammer-Maschinen4\" style=\"height: 25%; width: 100%; object-fit: cover;\" src=\"\/wp-content\/uploads\/2023\/02\/438beispiel1.jpg\"\/>\r\n\t\t\t\t\t\r\n\t\t\t\t<\/div>\r\n\t\t\t\t\r\n\t\t\t\t<div class=\"col-lg-6\">\r\n\t\t\t\t\r\n\t\t\t\t\t<p class=\"module-zoom-Y animation-delay-05 animation-duration-10 transform-origin-100-0\">\r\n\t\t\t\t\t\tWir alle erwarten ein gutes Preis-Leistungs-Verh\u00e4ltnis, wenn wir ein Produkt kaufen.\r\n\t\t\t\t\t<\/p>\r\n\t\t\t\t\t<p class=\"module-zoom-Y animation-delay-05 animation-duration-10 transform-origin-100-0\">\r\n\t\t\t\t\t\tDeshalb m\u00f6chten wir Sie \u00fcber unser spezielles Angebot informieren: Investieren Sie in Spitzenqualit\u00e4t zu g\u00fcnstigen\r\n\t\t\t\t\t\tPreisen!\r\n\t\t\t\t\t<\/p>\r\n\t\t\t\t\t<p class=\"module-zoom-Y animation-delay-05 animation-duration-10 transform-origin-100-0\">\r\n\t\t\t\t\t\tKlinghammer Can Technology bietet Ihnen eine Vielzahl von gebrauchten Maschinen, die komplett\r\n\t\t\t\t\t\t\u00fcberholt wurden. Das bedeutet, dass:\r\n\t\t\t\t\t\t<ul class=\"module-zoom-Y animation-delay-05 animation-duration-10 transform-origin-100-0\">\r\n\t\t\t\t\t\t\t<li>jede Maschine wurde komplett zerlegt und gereinigt<\/li>\r\n\t\t\t\t\t\t\t<li>bei jeder Maschine wurden alle besch\u00e4digten Teile gegen neue ausgetauscht<\/li>\r\n\t\t\t\t\t\t\t<li>bei jeder Maschine alle Verschlei\u00dfteile durch neue ersetzt wurden<\/li>\r\n\t\t\t\t\t\t\t<li>jede Maschine \u00fcber neue elektrische Installationen verf\u00fcgt<\/li>\r\n\t\t\t\t\t\t\t<li>jede Maschine verf\u00fcgt \u00fcber neue pneumatische Komponenten<\/li>\r\n\t\t\t\t\t\t\t<li>jede Maschine ist mit neuen Werkzeugen ausgestattet<\/li>\r\n\t\t\t\t\t\t\t<li>jede Maschine wurde neu lackiert<\/li>\r\n\t\t\t\t\t\t<\/ul>\r\n\t\t\t\t\t<\/p>\r\n\t\t\t\t\t<p class=\"module-zoom-Y animation-delay-05 animation-duration-10 transform-origin-100-0\">\r\n\t\t\t\t\t\tGegebenenfalls werden bei der \u00dcberholung konstruktive Verbesserungen vorgenommen, die zu einem Maschinenstatus &#8222;besser als neu&#8220;, verglichen mit der urspr\u00fcnglichen Leistung in Bezug auf die Laufgeschwindigkeit, F\u00e4higkeit zum automatischen Betrieb usw.\r\n\t\t\t\t\t<\/p>\r\n\t\t\t\t\t<p class=\"module-zoom-Y animation-delay-05 animation-duration-10 transform-origin-100-0\">\r\n\t\t\t\t\t\tAls Fachmann werden Sie wissen, dass eine Maschine mit diesen Merkmalen immer noch zu H\u00f6chstleistungen f\u00e4hig ist und die gleiche hohe Qualit\u00e4t hat wie fr\u00fcher!\r\n\t\t\t\t\t<\/p>\r\n\t\t\t\t\t<p class=\"module-zoom-Y animation-delay-05 animation-duration-10 transform-origin-100-0\">\r\n\t\t\t\t\t\tWas Sie aber nicht wissen k\u00f6nnen, ist, dass diese Qualit\u00e4t jetzt zu besonders g\u00fcnstigen Preisen erh\u00e4ltlich ist!\r\n\t\t\t\t\t<\/p>\r\n\t\t\t\t\t<p class=\"module-zoom-Y animation-delay-05 animation-duration-10 transform-origin-100-0 KbolH3\">Kaufen Sie 100 % Qualit\u00e4t und sparen Sie 30 % Ihres Budgets!<\/p>\r\n\t\t\t\t\t\r\n\t\t\t\t<\/div>\r\n\t\t\t\t\r\n\t\t\t\t<div class=\"col-lg-3\">\r\n\t\t\t\t\r\n\t\t\t\t\t<img decoding=\"async\" alt=\"\u00dcberholte Klinghammer-Maschinen5\" style=\"height: 25%; width: 100%; object-fit: cover;\" src=\"\/wp-content\/uploads\/2023\/02\/430sonderaktion2.jpg\"\/>\r\n\t\t\t\t\t<img decoding=\"async\" alt=\"\u00dcberholte Klinghammer-Maschinen6\" style=\"height: 25%; width: 100%; object-fit: cover;\" src=\"\/wp-content\/uploads\/2023\/02\/481beispiel6.jpg\"\/>\r\n\t\t\t\t\t<img decoding=\"async\" alt=\"\u00dcberholte Klinghammer-Maschinen7\" style=\"height: 25%; width: 100%; object-fit: cover;\" src=\"\/wp-content\/uploads\/2023\/02\/438beispiel2.jpg\"\/>\r\n\t\t\t\t\t<img decoding=\"async\" alt=\"\u00dcberholte Klinghammer-Maschinen8\" style=\"height: 25%; width: 100%; object-fit: cover;\" src=\"\/wp-content\/uploads\/2023\/02\/481beispiel5.jpg\"\/>\r\n\t\t\t\t\r\n\t\t\t\t<\/div>\r\n\t\t\t\t\r\n\t\t\t<\/div>\r\n\t\t\t\r\n\t\t\t\r\n\t\t\t\r\n\t\t\t<div class=\"Splitter80\"><\/div>\r\n\t\t\t\r\n\t\t\t\r\n\t\t\t<div style=\"position: relative; overflow: hidden;\">\r\n\t\t\t\t<img decoding=\"async\" alt=\"Technical design can making machine\" src=\"\/wp-content\/uploads\/2023\/02\/td-Round1_Light.png\" style=\"position: absolute; right: -50%; top: -10%; object-fit: cover; z-index: -101; width: 90%;\"\/>\r\n\t\t\t\t<div style=\"width: 40%;\">\r\n\t\t\t\t\t<div class=\"wpforms-container wpforms-container-full\" id=\"wpforms-125\"><form id=\"wpforms-form-125\" class=\"wpforms-validate wpforms-form wpforms-ajax-form\" data-formid=\"125\" method=\"post\" enctype=\"multipart\/form-data\" action=\"\/de\/wp-json\/wp\/v2\/pages\/320\" data-token=\"cdfa0fc383dd0a2439d91cf60a9c6a97\" data-token-time=\"1775546949\"><noscript class=\"wpforms-error-noscript\">Bitte aktiviere JavaScript in deinem Browser, um dieses Formular fertigzustellen.<\/noscript><div class=\"wpforms-field-container\"><div id=\"wpforms-125-field_4-container\" class=\"wpforms-field wpforms-field-text\" data-field-id=\"4\"><label class=\"wpforms-field-label\" for=\"wpforms-125-field_4\">Name <span class=\"wpforms-required-label\">*<\/span><\/label><input type=\"text\" id=\"wpforms-125-field_4\" class=\"wpforms-field-large wpforms-field-required\" name=\"wpforms[fields][4]\" required><\/div><div id=\"wpforms-125-field_2-container\" class=\"wpforms-field wpforms-field-text\" data-field-id=\"2\"><label class=\"wpforms-field-label\" for=\"wpforms-125-field_2\">Company<\/label><input type=\"text\" id=\"wpforms-125-field_2\" class=\"wpforms-field-large\" name=\"wpforms[fields][2]\" ><\/div><div id=\"wpforms-125-field_5-container\" class=\"wpforms-field wpforms-field-text\" data-field-id=\"5\"><label class=\"wpforms-field-label\" for=\"wpforms-125-field_5\">Telephone<\/label><input type=\"text\" id=\"wpforms-125-field_5\" class=\"wpforms-field-large\" name=\"wpforms[fields][5]\" ><\/div><div id=\"wpforms-125-field_8-container\" class=\"wpforms-field wpforms-field-email\" data-field-id=\"8\"><label class=\"wpforms-field-label\" for=\"wpforms-125-field_8\">Email <span class=\"wpforms-required-label\">*<\/span><\/label><input type=\"email\" id=\"wpforms-125-field_8\" class=\"wpforms-field-large wpforms-field-required\" name=\"wpforms[fields][8]\" spellcheck=\"false\" required><\/div><div id=\"wpforms-125-field_6-container\" class=\"wpforms-field wpforms-field-text\" data-field-id=\"6\"><label class=\"wpforms-field-label\" for=\"wpforms-125-field_6\">Subject <span class=\"wpforms-required-label\">*<\/span><\/label><input type=\"text\" id=\"wpforms-125-field_6\" class=\"wpforms-field-large wpforms-field-required\" name=\"wpforms[fields][6]\" required><\/div><div id=\"wpforms-125-field_7-container\" class=\"wpforms-field wpforms-field-textarea\" data-field-id=\"7\"><label class=\"wpforms-field-label\" for=\"wpforms-125-field_7\">Your message<\/label><textarea id=\"wpforms-125-field_7\" class=\"wpforms-field-medium\" name=\"wpforms[fields][7]\" ><\/textarea><\/div><\/div><!-- .wpforms-field-container --><div class=\"wpforms-recaptcha-container wpforms-is-recaptcha wpforms-is-recaptcha-type-v3\" ><input type=\"hidden\" name=\"wpforms[recaptcha]\" value=\"\"><\/div><div class=\"wpforms-submit-container\" ><input type=\"hidden\" name=\"wpforms[id]\" value=\"125\"><input type=\"hidden\" name=\"page_title\" value=\"\"><input type=\"hidden\" name=\"page_url\" value=\"https:\/\/klinghammer.com\/de\/wp-json\/wp\/v2\/pages\/320\"><input type=\"hidden\" name=\"url_referer\" value=\"\"><button type=\"submit\" name=\"wpforms[submit]\" id=\"wpforms-submit-125\" class=\"wpforms-submit\" data-alt-text=\"Sending...\" data-submit-text=\"Submit\" aria-live=\"assertive\" value=\"wpforms-submit\">Submit<\/button><img loading=\"lazy\" decoding=\"async\" src=\"https:\/\/klinghammer.com\/wp-content\/plugins\/wpforms-lite\/assets\/images\/submit-spin.svg\" class=\"wpforms-submit-spinner\" style=\"display: none;\" width=\"26\" height=\"26\" alt=\"Wird geladen\"><\/div><\/form><\/div>  <!-- .wpforms-container -->\r\n\t\t\t\t<\/div>\r\n\t\t\t<\/div>\r\n\t\t\t\r\n\t\t\t\r\n\t\t\t\r\n\t\t\t\r\n\t\t<\/div>\r\n<\/div>","protected":false},"excerpt":{"rendered":"Service der Klinghammer-Group Eine Maschine ist nur gut, solange sie l\u00e4uft. Um Maschinenausfallzeiten zu minimieren bieten wie Ihnen den kompletten Service. Von der Aufstellung und Inbetriebnahme der Maschine, die Schulung Ihrer Mitarbeiter, bis hin zur Wartung und Reparatur \u00fcber die gesamte Lebenszeit bis hin zur Demontage. \u00dcberholte Klinghammer-Maschinen zum B\u00f6rdeln, S\u00e4umen und Sicken Wir alle&hellip;&nbsp;<a href=\"https:\/\/klinghammer.com\/de\/service\/\" rel=\"bookmark\">Weiterlesen &raquo;<span class=\"screen-reader-text\">Service<\/span><\/a>","protected":false},"author":1,"featured_media":0,"parent":0,"menu_order":0,"comment_status":"closed","ping_status":"closed","template":"","meta":{"neve_meta_sidebar":"","neve_meta_container":"","neve_meta_enable_content_width":"off","neve_meta_content_width":100,"neve_meta_title_alignment":"","neve_meta_author_avatar":"","neve_post_elements_order":"","neve_meta_disable_header":"","neve_meta_disable_footer":"","neve_meta_disable_title":"","footnotes":""},"class_list":["post-320","page","type-page","status-publish","hentry"],"translation":{"provider":"WPGlobus","version":"3.0.2","language":"de","enabled_languages":["en","de"],"languages":{"en":{"title":true,"content":true,"excerpt":false},"de":{"title":false,"content":true,"excerpt":false}}},"_links":{"self":[{"href":"https:\/\/klinghammer.com\/de\/wp-json\/wp\/v2\/pages\/320","targetHints":{"allow":["GET"]}}],"collection":[{"href":"https:\/\/klinghammer.com\/de\/wp-json\/wp\/v2\/pages"}],"about":[{"href":"https:\/\/klinghammer.com\/de\/wp-json\/wp\/v2\/types\/page"}],"author":[{"embeddable":true,"href":"https:\/\/klinghammer.com\/de\/wp-json\/wp\/v2\/users\/1"}],"replies":[{"embeddable":true,"href":"https:\/\/klinghammer.com\/de\/wp-json\/wp\/v2\/comments?post=320"}],"version-history":[{"count":0,"href":"https:\/\/klinghammer.com\/de\/wp-json\/wp\/v2\/pages\/320\/revisions"}],"wp:attachment":[{"href":"https:\/\/klinghammer.com\/de\/wp-json\/wp\/v2\/media?parent=320"}],"curies":[{"name":"wp","href":"https:\/\/api.w.org\/{rel}","templated":true}]}}