{"id":226,"date":"2023-01-27T07:32:42","date_gmt":"2023-01-27T07:32:42","guid":{"rendered":"https:\/\/klinghammer.com\/?page_id=226"},"modified":"2023-04-11T11:53:04","modified_gmt":"2023-04-11T11:53:04","slug":"medium-round-cans","status":"publish","type":"page","link":"https:\/\/klinghammer.com\/de\/machines\/round-cans\/medium-round-cans\/","title":{"rendered":"Medium round cans"},"content":{"rendered":"\r\n<div style=\"background-image: url('\/wp-content\/uploads\/2023\/01\/background1600x2400v4.svg'); background-repeat: repeat; margin-top: 50px;\">\r\n\r\n\r\n\r\n\r\n\t\r\n\t<div class=\"BannerOrange\">\r\n\r\n\t\t<img decoding=\"async\" alt=\"Klinghammer Mittlere runde Dose\" style=\"position: absolute; object-fit: cover; object-position: 50% 0%; width: 100%; height: 100%;\" src=\"\/wp-content\/uploads\/2023\/02\/Rund_Chem-Tech_blank_01.jpg\"\/>\r\n\t\t\r\n\t\t<div class=\"BannerFoil\">\r\n\t\t\r\n\t\t\t<div class=\"row\">\r\n\t\t\t\t<div class=\"col-lg-1\">\r\n\t\t\t\t<\/div>\r\n\t\t\t\t<div class=\"col-lg-6\">\r\n\t\t\t\t\t<img decoding=\"async\" class=\"ImgHeader\" style=\"object-position: 50% 14%;\" src=\"\/wp-content\/uploads\/2023\/02\/Rund_Chem-Tech_blank_01.jpg\">\r\n\t\t\t\t<\/div>\r\n\t\t\t\t<div class=\"col-lg-4\">\r\n\t\t\t\t\t<h1 class=\"KbolH1BannerWhite\">Mittlere runde Dose<\/h1>\r\n\t\t\t\t\t<p class=\"KbolSubtitleWhite\">Maschinen<\/p>\r\n\t\t\t\t<\/div>\r\n\t\t\t\t<div class=\"col-lg-1\" style=\"position: relative;\">\r\n\r\n\t\t\t\t\t<div style=\"position: absolute; top: 7px; left: -40px;\"><svg width=\"160\" height=\"160\" viewbox=\"0 0 140 140\"><rect width=\"140\" height=\"140\" stroke=\"#F05323\" stroke-opacity=\"1\" stroke-width=\"12\" fill=\"transparent\" \/><\/svg><\/div><div style=\"position: absolute; top: 7px;  left: -40px; margin: 0px 0px 0px 76px;\"><svg width=\"160\" height=\"160\" viewbox=\"0 0 140 140\"><circle cx=\"70\" cy=\"70\" r=\"67\" stroke=\"#F05323\" stroke-opacity=\"1\" stroke-width=\"6\" fill=\"transparent\" \/><\/svg><\/div><div style=\"position: absolute; top: 160px; left: -40px;\"><svg width=\"160\" height=\"160\" viewbox=\"0 0 140 140\"><circle cx=\"70\" cy=\"70\" r=\"67\" stroke=\"#F05323\" stroke-opacity=\"1\" stroke-width=\"6\" fill=\"transparent\" \/><\/svg><\/div><div style=\"position: absolute; top: 160px; left: -40px; margin: 0px 0px 0px 76px;\"><svg width=\"160\" height=\"160\" viewbox=\"0 0 140 140\"><rect width=\"140\" height=\"140\" stroke=\"#F05323\" stroke-opacity=\"1\" stroke-width=\"12\" fill=\"transparent\" \/><\/svg><\/div><div style=\"position: absolute; top: 313px; left: -40px;\"><svg width=\"160\" height=\"160\" viewbox=\"0 0 140 140\"><rect width=\"140\" height=\"140\" stroke=\"#F05323\" stroke-opacity=\"1\" stroke-width=\"12\" fill=\"transparent\" \/><\/svg><\/div><div style=\"position: absolute; top: 313px; left: -40px; margin: 0px 0px 0px 76px;\"><svg  width=\"160\" height=\"160\" viewbox=\"0 0 140 140\"><circle cx=\"70\" cy=\"70\" r=\"67\" stroke=\"#F05323\" stroke-opacity=\"1\" stroke-width=\"6\" fill=\"transparent\" \/><\/svg><\/div>\r\n\r\n\t\t\t\t<\/div>\r\n\t\t\t<\/div>\r\n\t\t\t\r\n\t\t<\/div>\r\n\t\t\r\n\t<\/div>\r\n\t\r\n\r\n\t\r\n\r\n\t\t<div class=\"BannerGrey\" style=\"background-color: #555; height: 120px; width: 70%; margin-left: 30%;\">\r\n\t\t\t\r\n\t\t\t<p class=\"KbolH3White\" style=\"line-height: 120px;; padding-left: 43%; position: relative; z-index: 20;\">\r\n\t\t\t\t<a class=\"KbolH3White\" href=\"\/de\/machines\/round-cans\/small-round-cans\/\">Kleine Dose<\/a> \u2022 <a class=\"KbolH3White\" href=\"\/de\/machines\/round-cans\/medium-round-cans\/\">Mittelere Dose<\/a> \u2022 <a class=\"KbolH3White\" href=\"\/de\/machines\/round-cans-buckets\/\">Eimer<\/a>\r\n\t\t\t<\/p>\r\n\t\t\t\r\n\r\n\t\t\t\r\n\t\t<\/div>\r\n\r\n\t\t<div class=\"MarginBody\">\r\n\t\t\t\r\n\t\t\t<div class=\"Splitter80\"><\/div>\r\n\t\t\t\r\n\t\t\t<div class=\"row\">\r\n\t\t\t\r\n\t\t\t\t\r\n\t\t\t\t<div class=\"col-lg-5\">\r\n\t\t\t\t\t<img decoding=\"async\" class=\"ImgMachinePage\" alt=\"Machine kleine dosen dfs\" src=\"\/wp-content\/uploads\/2023\/02\/dfs125T.png\"\/>\r\n\t\t\t\t<\/div>\r\n\t\t\t\t\r\n\t\t\t\t\r\n\t\t\t\t<div class=\"col-lg-7\">\r\n\t\t\t\t\r\n\t\t\t\t\t<div class=\"MachineFillOrange\">\r\n\t\t\t\t\t\t<h1 class=\"KbolH1White\">\r\n\t\t\t\t\t\t\tDFS 195\r\n\t\t\t\t\t\t<\/h1>\r\n\t\t\t\t\t\t<p>\r\n\t\t\t\t\t\t\tDie Maschine dient zum beidseitigen B\u00f6rdeln und einseitigem Verschlie\u00dfen runder Dosen aller Art. Folgende Ausf\u00fchrungen sind lieferbar: \r\n\t\t\t\t\t\t\t<ul>\r\n\t\t\t\t\t\t\t\t<li>Stauchb\u00f6rdel-Bodenverschlie\u00dfautomat<\/li>\r\n\t\t\t\t\t\t\t\t<li>Spinb\u00f6rdel-Bodenverschlie\u00dfautomat<\/li>\r\n\t\t\t\t\t\t\t\t<li>Rollenb\u00f6rdel-Einzieh-Bodenverschlie\u00dfautomat<\/li>\r\n\t\t\t\t\t\t\t\t<li>Bordier- und\/oder Bodenverschlie\u00dfautomat<\/li>\r\n\t\t\t\t\t\t\t<\/ul>\r\n\t\t\t\t\t\t\tDas Auffalzen von Trichterdeckeln sowie Ringdeckeln mit Eindr\u00fcckdeckeln und angedr\u00fcckter Alufolie (f\u00fcr Kaffee- und Milchpulverdosen etc.) ist m\u00f6glich. In der Rollenb\u00f6rdelausf\u00fchrung kann mit entsprechendem Werkzeug parallel zum B\u00f6rdeln eine Randsicke eingedr\u00fcckt werden. \r\n\t\t\t\t\t\t<\/p>\r\n\t\t\t\t\t\t\r\n\t\t\t\t\t\t<div class=\"row\">\r\n\t\t\t\t\r\n\t\t\t\t\t\t\t<div class=\"col-lg-5\">\r\n\t\t\t\t\t\t\t\t<p class=\"KbolH3White\">Spezifikationen:<\/p>\r\n\t\t\t\t\t\t\t\t<div class=\"row\"><img decoding=\"async\" alt=\"Icon Klinghammer Time\" class=\"ImgIcon\" src=\"\/wp-content\/uploads\/2023\/02\/Time-logoW.png\"\/><p style=\"line-height: 40px;\">120\/min<\/p><\/div>\r\n\t\t\t\t\t\t\t\t<div class=\"row\"><img decoding=\"async\" alt=\"Icon Klinghammer Diameter\" class=\"ImgIcon\" src=\"\/wp-content\/uploads\/2023\/02\/can-diameterW.png\"\/><p style=\"line-height: 40px;\">35mm bis 130mm<\/p><\/div>\r\n\t\t\t\t\t\t\t\t<div class=\"row\"><img decoding=\"async\" alt=\"Icon Klinghammer Height\" class=\"ImgIcon\" src=\"\/wp-content\/uploads\/2023\/02\/can-heightW.png\"\/><p style=\"line-height: 40px;\">50mm bis 400mm<\/p><\/div>\r\n\t\t\t\t\t\t\t\t<div class=\"row\"><img decoding=\"async\" alt=\"Icon Klinghammer Thickness\" class=\"ImgIcon\" src=\"\/wp-content\/uploads\/2023\/02\/sheet-thicknessW.png\"\/><p style=\"line-height: 40px;\">bis 0.4mm<\/p><\/div>\r\n\t\t\t\t\t\t\t<\/div>\r\n\t\t\t\t\t\t\t\r\n\t\t\t\t\t\t\t<div class=\"col-lg-7\">\r\n\t\t\t\t\t\t\t\t<p class=\"KbolH3White\">Funktionen:<\/p>\r\n\t\t\t\t\t\t\t\t<div class=\"row\">\r\n\t\t\t\t\t\t\t\t\t<div class=\"col-lg-6\">\r\n\t\t\t\t\t\t\t\t\t\t<img decoding=\"async\" class=\"ImgIcon\" alt=\"Stauchboerdeln\" src=\"\/wp-content\/uploads\/2023\/02\/Stauchboerdeln.png\"\/>\r\n\t\t\t\t\t\t\t\t\t\t<p class=\"\">Stauchboerdeln<\/p>\r\n\t\t\t\t\t\t\t\t\t<\/div>\r\n\t\t\t\t\t\t\t\t\t<div class=\"col-lg-6\">\r\n\t\t\t\t\t\t\t\t\t\t<img decoding=\"async\" class=\"ImgIcon\" alt=\"Spinboerdeln\" src=\"\/wp-content\/uploads\/2023\/02\/Spinboerdeln.png\"\/>\r\n\t\t\t\t\t\t\t\t\t\t<p>Spinboerdeln<\/p>\r\n\t\t\t\t\t\t\t\t\t<\/div>\r\n\t\t\t\t\t\t\t\t\t<div class=\"col-lg-6\">\r\n\t\t\t\t\t\t\t\t\t\t<img decoding=\"async\" class=\"ImgIcon\" alt=\"Rollenboerdeln\" src=\"\/wp-content\/uploads\/2023\/02\/Rollenboerdeln.png\"\/>\r\n\t\t\t\t\t\t\t\t\t\t<p>Rollenboerdeln<\/p>\r\n\t\t\t\t\t\t\t\t\t<\/div>\r\n\t\t\t\t\t\t\t\t\t<div class=\"col-lg-6\">\r\n\t\t\t\t\t\t\t\t\t\t<img decoding=\"async\" class=\"ImgIcon\" alt=\"Einziehen\" src=\"\/wp-content\/uploads\/2023\/02\/Einziehen.png\"\/>\r\n\t\t\t\t\t\t\t\t\t\t<p>Einziehen<\/p>\r\n\t\t\t\t\t\t\t\t\t<\/div>\r\n\t\t\t\t\t\t\t\t\t<div class=\"col-lg-6\">\r\n\t\t\t\t\t\t\t\t\t\t<img decoding=\"async\" class=\"ImgIcon\" alt=\"Anrollen\" src=\"\/wp-content\/uploads\/2023\/02\/Anrollen.png\"\/>\r\n\t\t\t\t\t\t\t\t\t\t<p>Anrollen<\/p>\r\n\t\t\t\t\t\t\t\t\t<\/div> \r\n\t\t\t\t\t\t\t\t\t<div class=\"col-lg-6\">\r\n\t\t\t\t\t\t\t\t\t\t<img decoding=\"async\" class=\"ImgIcon\" alt=\"Verschliessen\" src=\"\/wp-content\/uploads\/2023\/02\/Verschliessen.png\"\/>\r\n\t\t\t\t\t\t\t\t\t\t<p>Verschliessen<\/p>\r\n\t\t\t\t\t\t\t\t\t<\/div>\r\n\t\t\t\t\t\t\t\t<\/div>\r\n\t\t\t\t\t\t\t<\/div>\r\n\t\t\t\t\t\t\t\r\n\t\t\t\t\t\t<\/div>\r\n\t\t\t\t\t\t\r\n\t\t\t\t\t\t<p>\r\n\t\t\t\t\t\t\t<a class=\"BtnStndWhite\" href=\"\/de\/machines\/round-cans\/small-round-cans\/?ContactReason=DFS195#ContactForm\">Angebotsanfrage<\/a>\r\n\t\t\t\t\t\t<\/p>\r\n\t\t\t\t\t<\/div>\r\n\t\t\t\t<\/div>\r\n\t\t\t\r\n\t\t\t<\/div>\r\n\t\t\t\r\n\t\t\t<div class=\"Splitter80\"><\/div>\r\n\t\t\t\r\n\t\t\t<div class=\"row\">\r\n\t\t\t\t\r\n\t\t\t\t<div class=\"col-lg-7\">\r\n\t\t\t\t\t<div class=\"MachineBorderOrange\">\r\n\t\t\t\t\t\t<h1 class=\"KbolH1\">\r\n\t\t\t\t\t\t\tSIA 220\r\n\t\t\t\t\t\t<\/h1>\r\n\t\t\t\t\t\t<p>\r\n\t\t\t\t\t\t\tDie Maschine dient zum Sicken runder Dosenr\u00fcmpfe. Da sie mit einseitig gelagerten Sickenwellen arbeitet, k\u00f6nnen au\u00dfer Dosenr\u00fcmpfen auch fertige Dosen mit bereits aufgefalztem Boden gesickt werden. Dies ist bei der Dosenfertigung auf Stauchb\u00f6rdel-Bodenauffalzautomaten von Vorteil, da vorher gesickte R\u00fcmpfe beim Stauchb\u00f6rdeln in den Sicken einknicken k\u00f6nnen. Schutzsicken- und Au\u00dfensickenfertigung ist m\u00f6glich.\r\n\t\t\t\t\t\t<\/p>\r\n\t\t\t\t\t\t\r\n\t\t\t\t\t\t<div class=\"row\"> \r\n\t\t\t\t\r\n\t\t\t\t\t\t\t<div class=\"col-lg-5\">\r\n\t\t\t\t\t\t\t\t<p class=\"KbolH3\">Spezifikationen:<\/p>\r\n\t\t\t\t\t\t\t\t<div class=\"row\"><img decoding=\"async\" alt=\"Icon Klinghammer Time\" class=\"ImgIcon\" src=\"\/wp-content\/uploads\/2023\/02\/Time-logo.png\"\/><p style=\"line-height: 40px;\">100\/min bis 240\/min<\/p><\/div>\r\n\t\t\t\t\t\t\t\t<div class=\"row\"><img decoding=\"async\" alt=\"Icon Klinghammer Diameter\" class=\"ImgIcon\" src=\"\/wp-content\/uploads\/2023\/02\/can-diameter.png\"\/><p style=\"line-height: 40px;\">80mm bis 230mm<\/p><\/div>\r\n\t\t\t\t\t\t\t\t<div class=\"row\"><img decoding=\"async\" alt=\"Icon Klinghammer Height\" class=\"ImgIcon\" src=\"\/wp-content\/uploads\/2023\/02\/can-height.png\"\/><p style=\"line-height: 40px;\">50mm bis 300mm<\/p><\/div>\r\n\t\t\t\t\t\t\t\t<div class=\"row\"><img decoding=\"async\" alt=\"Icon Klinghammer Thickness\" class=\"ImgIcon\" src=\"\/wp-content\/uploads\/2023\/02\/sheet-thickness.png\"\/><p style=\"line-height: 40px;\">bis 3.2mm<\/p><\/div>\r\n\t\t\t\t\t\t\t<\/div>\r\n\t\t\t\t\t\t\t\r\n\t\t\t\t\t\t\t<div class=\"col-lg-7\">\r\n\t\t\t\t\t\t\t\t<p class=\"KbolH3\">Funktionen:<\/p>\r\n\t\t\t\t\t\t\t\t<div class=\"row\">\r\n\t\t\t\t\t\t\t\t\t<div class=\"col-lg-6\">\r\n\t\t\t\t\t\t\t\t\t\t<img decoding=\"async\" class=\"ImgIcon\" alt=\"Sicken\" src=\"\/wp-content\/uploads\/2023\/02\/Sicken.png\"\/>\r\n\t\t\t\t\t\t\t\t\t\t<p>Sicken<\/p>\r\n\t\t\t\t\t\t\t\t\t<\/div>\r\n\t\t\t\t\t\t\t\t<\/div>\r\n\t\t\t\t\t\t\t<\/div>\r\n\t\t\t\t\t\t\t\r\n\t\t\t\t\t\t<\/div>\r\n\t\t\t\t\t\t\r\n\t\t\t\t\t\t<p>\r\n\t\t\t\t\t\t\t<a class=\"BtnStnd\" href=\"\/de\/machines\/round-cans\/small-round-cans\/?ContactReason=SIA180#ContactForm\">Angebotsanfrage<\/a>\r\n\t\t\t\t\t\t<\/p>\r\n\t\t\t\t\t<\/div>\r\n\t\t\t\t<\/div>\r\n\t\t\t\t\r\n\t\t\t\t\r\n\t\t\t\t<div class=\"col-lg-5\">\r\n\t\t\t\t\t<img decoding=\"async\" class=\"ImgMachinePage\" alt=\"Machine kleine dosen sia180\" src=\"\/wp-content\/uploads\/2023\/02\/sia180T.png\"\/>\r\n\t\t\t\t<\/div>\r\n\t\t\t\t\r\n\t\t\t\r\n\t\t\t<\/div>\r\n\t\t\t\r\n\t\t\t<div id=\"ContactForm\" class=\"Splitter80\"><\/div>\r\n\t\t\t\t\r\n\t\t\t\r\n\t\t\t<div style=\"position: relative;\">\r\n\t\t\t\t<img decoding=\"async\" alt=\"Technical design can making machine\" src=\"\/wp-content\/uploads\/2023\/02\/td-Round1_Light.png\" style=\"position: absolute; right: -50%; top: -10%; object-fit: cover; z-index: -101; width: 90%;\"\/>\r\n\t\t\t\t<div style=\"width: 40%;\">\r\n\t\t\t\t\t<div class=\"wpforms-container wpforms-container-full\" id=\"wpforms-125\"><form id=\"wpforms-form-125\" class=\"wpforms-validate wpforms-form wpforms-ajax-form\" data-formid=\"125\" method=\"post\" enctype=\"multipart\/form-data\" action=\"\/de\/wp-json\/wp\/v2\/pages\/226\" data-token=\"cdfa0fc383dd0a2439d91cf60a9c6a97\" data-token-time=\"1775554131\"><noscript class=\"wpforms-error-noscript\">Bitte aktiviere JavaScript in deinem Browser, um dieses Formular fertigzustellen.<\/noscript><div class=\"wpforms-field-container\"><div id=\"wpforms-125-field_4-container\" class=\"wpforms-field wpforms-field-text\" data-field-id=\"4\"><label class=\"wpforms-field-label\" for=\"wpforms-125-field_4\">Name <span class=\"wpforms-required-label\">*<\/span><\/label><input type=\"text\" id=\"wpforms-125-field_4\" class=\"wpforms-field-large wpforms-field-required\" name=\"wpforms[fields][4]\" required><\/div><div id=\"wpforms-125-field_2-container\" class=\"wpforms-field wpforms-field-text\" data-field-id=\"2\"><label class=\"wpforms-field-label\" for=\"wpforms-125-field_2\">Company<\/label><input type=\"text\" id=\"wpforms-125-field_2\" class=\"wpforms-field-large\" name=\"wpforms[fields][2]\" ><\/div><div id=\"wpforms-125-field_5-container\" class=\"wpforms-field wpforms-field-text\" data-field-id=\"5\"><label class=\"wpforms-field-label\" for=\"wpforms-125-field_5\">Telephone<\/label><input type=\"text\" id=\"wpforms-125-field_5\" class=\"wpforms-field-large\" name=\"wpforms[fields][5]\" ><\/div><div id=\"wpforms-125-field_8-container\" class=\"wpforms-field wpforms-field-email\" data-field-id=\"8\"><label class=\"wpforms-field-label\" for=\"wpforms-125-field_8\">Email <span class=\"wpforms-required-label\">*<\/span><\/label><input type=\"email\" id=\"wpforms-125-field_8\" class=\"wpforms-field-large wpforms-field-required\" name=\"wpforms[fields][8]\" spellcheck=\"false\" required><\/div><div id=\"wpforms-125-field_6-container\" class=\"wpforms-field wpforms-field-text\" data-field-id=\"6\"><label class=\"wpforms-field-label\" for=\"wpforms-125-field_6\">Subject <span class=\"wpforms-required-label\">*<\/span><\/label><input type=\"text\" id=\"wpforms-125-field_6\" class=\"wpforms-field-large wpforms-field-required\" name=\"wpforms[fields][6]\" required><\/div><div id=\"wpforms-125-field_7-container\" class=\"wpforms-field wpforms-field-textarea\" data-field-id=\"7\"><label class=\"wpforms-field-label\" for=\"wpforms-125-field_7\">Your message<\/label><textarea id=\"wpforms-125-field_7\" class=\"wpforms-field-medium\" name=\"wpforms[fields][7]\" ><\/textarea><\/div><\/div><!-- .wpforms-field-container --><div class=\"wpforms-recaptcha-container wpforms-is-recaptcha wpforms-is-recaptcha-type-v3\" ><input type=\"hidden\" name=\"wpforms[recaptcha]\" value=\"\"><\/div><div class=\"wpforms-submit-container\" ><input type=\"hidden\" name=\"wpforms[id]\" value=\"125\"><input type=\"hidden\" name=\"page_title\" value=\"\"><input type=\"hidden\" name=\"page_url\" value=\"https:\/\/klinghammer.com\/de\/wp-json\/wp\/v2\/pages\/226\"><input type=\"hidden\" name=\"url_referer\" value=\"\"><button type=\"submit\" name=\"wpforms[submit]\" id=\"wpforms-submit-125\" class=\"wpforms-submit\" data-alt-text=\"Sending...\" data-submit-text=\"Submit\" aria-live=\"assertive\" value=\"wpforms-submit\">Submit<\/button><img loading=\"lazy\" decoding=\"async\" src=\"https:\/\/klinghammer.com\/wp-content\/plugins\/wpforms-lite\/assets\/images\/submit-spin.svg\" class=\"wpforms-submit-spinner\" style=\"display: none;\" width=\"26\" height=\"26\" alt=\"Wird geladen\"><\/div><\/form><\/div>  <!-- .wpforms-container -->\r\n\t\t\t\t<\/div>\r\n\t\t\t<\/div>\r\n\t\t\t\r\n\t\t\t\r\n\t\t\t\r\n\t\t\t\r\n\t\t<\/div>\r\n<\/div>","protected":false},"excerpt":{"rendered":"DFS 195 Die Maschine dient zum beidseitigen B\u00f6rdeln und einseitigem Verschlie\u00dfen runder Dosen aller Art. Folgende Ausf\u00fchrungen sind lieferbar: Stauchb\u00f6rdel-Bodenverschlie\u00dfautomat Spinb\u00f6rdel-Bodenverschlie\u00dfautomat Rollenb\u00f6rdel-Einzieh-Bodenverschlie\u00dfautomat Bordier- und\/oder Bodenverschlie\u00dfautomat Das Auffalzen von Trichterdeckeln sowie Ringdeckeln mit Eindr\u00fcckdeckeln und angedr\u00fcckter Alufolie (f\u00fcr Kaffee- und Milchpulverdosen etc.) ist m\u00f6glich. In der Rollenb\u00f6rdelausf\u00fchrung kann mit entsprechendem Werkzeug parallel zum B\u00f6rdeln eine Randsicke&hellip;&nbsp;<a href=\"https:\/\/klinghammer.com\/de\/machines\/round-cans\/medium-round-cans\/\" rel=\"bookmark\">Weiterlesen &raquo;<span class=\"screen-reader-text\">Medium round cans<\/span><\/a>","protected":false},"author":1,"featured_media":0,"parent":199,"menu_order":0,"comment_status":"closed","ping_status":"closed","template":"","meta":{"neve_meta_sidebar":"full-width","neve_meta_container":"full-width","neve_meta_enable_content_width":"off","neve_meta_content_width":100,"neve_meta_title_alignment":"","neve_meta_author_avatar":"","neve_post_elements_order":"","neve_meta_disable_header":"","neve_meta_disable_footer":"","neve_meta_disable_title":"on","footnotes":""},"class_list":["post-226","page","type-page","status-publish","hentry"],"translation":{"provider":"WPGlobus","version":"3.0.2","language":"de","enabled_languages":["en","de"],"languages":{"en":{"title":true,"content":true,"excerpt":false},"de":{"title":false,"content":true,"excerpt":false}}},"_links":{"self":[{"href":"https:\/\/klinghammer.com\/de\/wp-json\/wp\/v2\/pages\/226","targetHints":{"allow":["GET"]}}],"collection":[{"href":"https:\/\/klinghammer.com\/de\/wp-json\/wp\/v2\/pages"}],"about":[{"href":"https:\/\/klinghammer.com\/de\/wp-json\/wp\/v2\/types\/page"}],"author":[{"embeddable":true,"href":"https:\/\/klinghammer.com\/de\/wp-json\/wp\/v2\/users\/1"}],"replies":[{"embeddable":true,"href":"https:\/\/klinghammer.com\/de\/wp-json\/wp\/v2\/comments?post=226"}],"version-history":[{"count":1,"href":"https:\/\/klinghammer.com\/de\/wp-json\/wp\/v2\/pages\/226\/revisions"}],"predecessor-version":[{"id":1642,"href":"https:\/\/klinghammer.com\/de\/wp-json\/wp\/v2\/pages\/226\/revisions\/1642"}],"up":[{"embeddable":true,"href":"https:\/\/klinghammer.com\/de\/wp-json\/wp\/v2\/pages\/199"}],"wp:attachment":[{"href":"https:\/\/klinghammer.com\/de\/wp-json\/wp\/v2\/media?parent=226"}],"curies":[{"name":"wp","href":"https:\/\/api.w.org\/{rel}","templated":true}]}}